{"id":3547,"date":"2013-09-25T15:04:43","date_gmt":"2013-09-25T15:04:43","guid":{"rendered":"http:\/\/daninjectdartguns.com\/?page_id=3547"},"modified":"2020-06-08T21:12:23","modified_gmt":"2020-06-08T21:12:23","slug":"quienes-somos","status":"publish","type":"page","link":"https:\/\/daninjectdartguns.com\/es\/quienes-somos\/","title":{"rendered":"Quienes Somos"},"content":{"rendered":"<div id=\"attachment_21\" style=\"width: 510px\" class=\"wp-caption aligncenter\"><a href=\"https:\/\/daninjectdartguns.com\/wp-content\/uploads\/2010\/02\/mike_r22-300x199.jpg\"><img loading=\"lazy\" decoding=\"async\" aria-describedby=\"caption-attachment-21\" class=\"size-medium wp-image-21 \" title=\"mike_r22\" src=\"https:\/\/daninjectdartguns.com\/wp-content\/uploads\/2010\/02\/mike_r22-300x199.jpg\" alt=\"Here is Mike Ross In His R22 Helicopter.\" width=\"500\" height=\"333\" srcset=\"https:\/\/daninjectdartguns.com\/wp-content\/uploads\/2010\/02\/mike_r22-300x199.jpg 300w, https:\/\/daninjectdartguns.com\/wp-content\/uploads\/2010\/02\/mike_r22-81x54.jpg 81w, https:\/\/daninjectdartguns.com\/wp-content\/uploads\/2010\/02\/mike_r22.jpg 500w\" sizes=\"auto, (max-width: 500px) 100vw, 500px\" \/><\/a><p id=\"caption-attachment-21\" class=\"wp-caption-text\">Here is Mike Ross In His R22 Helicopter.<\/p><\/div>\n<p>Mike Ross es de \u00c1frica del Sur y tiene a\u00f1os de experiencia y abundante conocimiento en la industria de Vida Salvaje. Habiendo tenido y operado su propia empresa de captura, Mike ha atrapado casi cualquier especie de caza disponible en \u00c1frica del Sur, usando una gran variedad de m\u00e9todos de captura, incluido el m\u00e9todo de captura qu\u00edmica.<\/p>\n<p>Los equipos DAN-INJECT pueden ser usados en operaciones de captura, por Veterinarios, Encargados de Zool\u00f3gicos, Centros de Rehabilitaci\u00f3n de Vida Salvaje, Cotos y Criaderos de Venados, Rehabilitadores de Vida Salvaje, Ranchos de Ganado, Criaderos de Caballos, Oficinas para el Control de Problemas Animales y muchas otras industrias animales.<\/p>\n<blockquote><p>\u201cNosotros hemos usado los equipos DAN-INJECT por m\u00e1s de 12 a\u00f1os. Continuamos usando este equipo en todas las modalidades de captura qu\u00edmica, desde tiro de dardo desde el helic\u00f3ptero, equipos motorizados, parte trasera de pick ups o a pie. Nosotros tambi\u00e9n hemos usado este equipo durante los calurosos d\u00edas en \u00c1frica y tambi\u00e9n en sus heladas noches, esto absolutamente sin problemas. Nosotros usamos el equipo DAN-INJECT para inmovilizar y medicar animales en el campo y en \u00e1reas limitadas. Para tranquilizar\/adormecer a los animales dentro de los veh\u00edculos que los transportan, DAN-INJECT no tiene igual. Muchos de nuestros asociados tanto en \u00c1frica como en los Estados Unidos, usan DAN-INJECT con los mismos buenos resultados de nosotros\u201d<\/p>\n<p style=\"text-align: center;\">Mike Ross<\/p>\n<\/blockquote>\n<p>Habiendo estado expuestos a varias marcas de equipos de dardos, nosotros indudablemente preferimos usar DAN-INJECT. Nosotros encontramos estos equipos f\u00e1ciles de usar, durables, f\u00e1ciles de cargar en el campo, muy efectivos al ser usados desde el helic\u00f3ptero y al ser operados con CO2 son extremamente silenciosos. Lo que hace a este sistema sobresalir en comparaci\u00f3n a otros sistemas y marcas, es su habilidad de hacer tiros de bajo impacto en rangos cortos y fracciones de segundo. Esto se logra a trav\u00e9s de un ajuste r\u00e1pido en la presi\u00f3n de aire. Los tiros largos tambi\u00e9n son efectivos a 60 metros o m\u00e1s.<\/p>\n<p>Los equipos DAN-INJECT son usados por Mike en su compa\u00f1\u00eda para cuidado y captura de vida salvaje y en los servicios de Helic\u00f3ptero para captura de vida salvaje aqu\u00ed en Texas.<\/p>\n<p><a href=\"https:\/\/daninjectdartguns.com\/wp-content\/uploads\/2020\/06\/HWS-Promo-2020-Fine-cut-3-2.mov\" target=\"_blank\" rel=\"noopener noreferrer\">HWS Promo 2020 Fine cut 3<\/a><\/p>\n<div class=\"mceTemp\"><\/div>\n","protected":false},"excerpt":{"rendered":"<p>Mike Ross es de \u00c1frica del Sur y tiene a\u00f1os de experiencia y abundante conocimiento en la industria de Vida Salvaje. Habiendo tenido y operado su propia empresa de captura, Mike ha atrapado casi cualquier especie de caza disponible en \u00c1frica del Sur, usando una gran variedad de m\u00e9todos de captura, incluido el m\u00e9todo de [&hellip;]<\/p>\n","protected":false},"author":2,"featured_media":0,"parent":0,"menu_order":4,"comment_status":"closed","ping_status":"open","template":"g1_template_page_sidebar_right.php","meta":{"footnotes":""},"class_list":["post-3547","page","type-page","status-publish"],"_links":{"self":[{"href":"https:\/\/daninjectdartguns.com\/es\/wp-json\/wp\/v2\/pages\/3547","targetHints":{"allow":["GET"]}}],"collection":[{"href":"https:\/\/daninjectdartguns.com\/es\/wp-json\/wp\/v2\/pages"}],"about":[{"href":"https:\/\/daninjectdartguns.com\/es\/wp-json\/wp\/v2\/types\/page"}],"author":[{"embeddable":true,"href":"https:\/\/daninjectdartguns.com\/es\/wp-json\/wp\/v2\/users\/2"}],"replies":[{"embeddable":true,"href":"https:\/\/daninjectdartguns.com\/es\/wp-json\/wp\/v2\/comments?post=3547"}],"version-history":[{"count":10,"href":"https:\/\/daninjectdartguns.com\/es\/wp-json\/wp\/v2\/pages\/3547\/revisions"}],"predecessor-version":[{"id":11379,"href":"https:\/\/daninjectdartguns.com\/es\/wp-json\/wp\/v2\/pages\/3547\/revisions\/11379"}],"wp:attachment":[{"href":"https:\/\/daninjectdartguns.com\/es\/wp-json\/wp\/v2\/media?parent=3547"}],"curies":[{"name":"wp","href":"https:\/\/api.w.org\/{rel}","templated":true}]}}