{"id":3444,"date":"2013-09-25T04:44:42","date_gmt":"2013-09-25T04:44:42","guid":{"rendered":"http:\/\/daninjectdartguns.com\/?page_id=3444"},"modified":"2021-06-25T21:33:12","modified_gmt":"2021-06-25T21:33:12","slug":"descarga-el-dardo","status":"publish","type":"page","link":"https:\/\/daninjectdartguns.com\/es\/aprenda\/descarga-el-dardo\/","title":{"rendered":"Descarga El Dardo"},"content":{"rendered":"<div id=\"content\">\n<div id=\"contentwide\">\n<div>\nPRECAUCI\u00d3N: CUANDO TRABAJAS CON DARDOS PRESURIZADOS Y CARGADOS, APLICA EXTREMA PRECAUCI\u00d3N TODO EL TIEMPO. CRITERIO DE SEGURIDAD DEBEN SER APLICADOS TODO EL TIEMPO.<\/p>\n<p>Cuando un dardo descargado o sin uso es\u00a0 recobrado, el primer paso a seguir siempre es volver el dardo a un estado de seguridad poni\u00e9ndole su cubierta de protecci\u00f3n y purgando cualquier presi\u00f3n de aire que pueda tener. Los siguientes pasos ilustran lo que se debe de hacer en este tipo de situaciones.<\/p>\n<p>Los dardos\u00a0 pueden ser descargados del barril de la pistola o rifle DAN-INJECT usando pinsas.<\/p>\n<p>1. Remueve\u00a0 del dardo el estabilizador rojo.<\/p>\n<p>&nbsp;<\/p>\n<p><a title=\"syringe_unload_1\" href=\"\/wp-content\/uploads\/2010\/02\/syringe_unload_1.jpg\"><img loading=\"lazy\" decoding=\"async\" title=\"syringe_unload_1\" alt=\"Remove the red stabiliser from the dart.\" src=\"\/wp-content\/uploads\/2010\/02\/syringe_unload_1.jpg\" width=\"300\" height=\"168\" \/><\/a><\/p>\n<p>1. Remueve del dardo el estabilizador rojo.<\/p>\n<p>2-Deteniendo el dardo horizontalmente, jala \u00a0el \u00e9mbolo; para liberar cualquier presi\u00f3n usando el venting pin DAN -INJECT<\/p>\n<p>&nbsp;<\/p>\n<p><a title=\"syringe_unload_2\" href=\"\/wp-content\/uploads\/2010\/02\/syringe_unload_2.jpg\"><img loading=\"lazy\" decoding=\"async\" title=\"syringe_unload_2\" alt=\"Holding the dart vertically, depress the red plunger to release air pressure using the DAN-INJECT venting pin.\" src=\"\/wp-content\/uploads\/2010\/02\/syringe_unload_2.jpg\" width=\"300\" height=\"192\" \/><\/a><\/p>\n<p>2-Deteniendo el dardo horizontalmente, jala el \u00e9mbolo; para liberar cualquier presi\u00f3n usando el venting pin DAN -INJECT<\/p>\n<p>3-Remueve el capuch\u00f3n de protecci\u00f3n de la aguja del dardo.<\/p>\n<p>&nbsp;<\/p>\n<p><a title=\"syringe_unload_3\" href=\"\/wp-content\/uploads\/2010\/02\/syringe_unload_3.jpg\"><img loading=\"lazy\" decoding=\"async\" title=\"syringe_unload_3\" alt=\"Remove the protection cap from the dart.\" src=\"\/wp-content\/uploads\/2010\/02\/syringe_unload_3.jpg\" width=\"300\" height=\"158\" \/><\/a><\/p>\n<p>3-Remueve el capuch\u00f3n de protecci\u00f3n de la aguja del dardo.<\/p>\n<p>4-Si se usan medicamentos\/tranquilizantes con botellas con sello de cucho, inserte una aguja hipod\u00e9rmica plana en el sello antes de proceder al siguiente paso. Esto permitir\u00e1 la ventilaci\u00f3n del exceso de presi\u00f3n que pueda tener la botella.<\/p>\n<p>&nbsp;<\/p>\n<p><a title=\"syringe_unload_4\" href=\"\/wp-content\/uploads\/2010\/02\/syringe_unload_4.jpg\"><img loading=\"lazy\" decoding=\"async\" title=\"syringe_unload_4\" alt=\"Insert a plain hypodermic needle\" src=\"\/wp-content\/uploads\/2010\/02\/syringe_unload_4.jpg\" width=\"300\" height=\"195\" \/><\/a><\/p>\n<p>4. Inserte una aguja hipod\u00e9rmica plana en el sello<\/p>\n<p>5- Sujetando el dardo apuntando la jeringa hacia abajo, ins\u00e9rtese en la botella de medicamento tan profundo como sea posible. Dejando solo expuesto el cuerpo del dardo.<\/p>\n<p>&nbsp;<\/p>\n<p><a title=\"syringe_unload_5\" href=\"\/wp-content\/uploads\/2010\/02\/syringe_unload_5.jpg\"><img loading=\"lazy\" decoding=\"async\" title=\"syringe_unload_5\" alt=\"Holding the dart with the needle pointing down, insert the needle into a suitable receptacle as far as possible\" src=\"\/wp-content\/uploads\/2010\/02\/syringe_unload_5.jpg\" width=\"300\" height=\"191\" \/><\/a><\/p>\n<p>5- Sujetando el dardo apuntando la jeringa hacia abajo, ins\u00e9rtese en la botella de medicamento tan profundo como sea posible. Dejando solo expuesto el cuerpo del dardo.<\/p>\n<p>6- Deteniendo el dardo unido a la botella de medicamento y \u00a0usando un adaptador cople DAN-INJECT\u00a0 unido a en una jeringa, constante y suavemente inserte 12 ml de aire in la c\u00e1mara de aire del dardo. La presi\u00f3n del aire lentamente forzara el\u00a0 \u00e9mbolo \u00a0color negro y depositara la droga en el recipiente.<\/p>\n<p>No deje droga o agua en los dardos por tiempos prolongados. El pH extremo contenido en la mayor\u00eda de las drogas afecta el \u00e9mbolo \u00a0y el barril del dardo despu\u00e9s de 3-4 semanas.<\/p>\n<p>Siempre limpia el dardo y la aguja despu\u00e9s de cada uso.<\/p>\n<p>&nbsp;<\/p>\n<p>&nbsp;<\/p>\n<p><a title=\"syringe_unload_6\" href=\"\/wp-content\/uploads\/2010\/02\/syringe_unload_6.jpg\"><img loading=\"lazy\" decoding=\"async\" title=\"syringe_unload_6\" alt=\"Using a DAN-INJECT coupling adapter on an air filler syringe, steadily and smoothly insert 12ml of air into the dart air chamber\" src=\"\/wp-content\/uploads\/2010\/02\/syringe_unload_6.jpg\" width=\"300\" height=\"177\" \/><\/a><\/p>\n<p>6- Deteniendo el dardo unido a la botella de medicamento y usando un adaptador cople DAN-INJECT unido a en una jeringa, constante y suavemente inserte 12 ml de aire in la c\u00e1mara de aire del dardo.<\/p>\n<\/div>\n<\/div>\n<\/div>\n","protected":false},"excerpt":{"rendered":"<p>PRECAUCI\u00d3N: CUANDO TRABAJAS CON DARDOS PRESURIZADOS Y CARGADOS, APLICA EXTREMA PRECAUCI\u00d3N TODO EL TIEMPO. CRITERIO DE SEGURIDAD DEBEN SER APLICADOS TODO EL TIEMPO. Cuando un dardo descargado o sin uso es\u00a0 recobrado, el primer paso a seguir siempre es volver el dardo a un estado de seguridad poni\u00e9ndole su cubierta de protecci\u00f3n y purgando cualquier [&hellip;]<\/p>\n","protected":false},"author":2,"featured_media":0,"parent":3423,"menu_order":10,"comment_status":"closed","ping_status":"closed","template":"g1_template_page_nav_right.php","meta":{"footnotes":""},"class_list":["post-3444","page","type-page","status-publish"],"_links":{"self":[{"href":"https:\/\/daninjectdartguns.com\/es\/wp-json\/wp\/v2\/pages\/3444","targetHints":{"allow":["GET"]}}],"collection":[{"href":"https:\/\/daninjectdartguns.com\/es\/wp-json\/wp\/v2\/pages"}],"about":[{"href":"https:\/\/daninjectdartguns.com\/es\/wp-json\/wp\/v2\/types\/page"}],"author":[{"embeddable":true,"href":"https:\/\/daninjectdartguns.com\/es\/wp-json\/wp\/v2\/users\/2"}],"replies":[{"embeddable":true,"href":"https:\/\/daninjectdartguns.com\/es\/wp-json\/wp\/v2\/comments?post=3444"}],"version-history":[{"count":7,"href":"https:\/\/daninjectdartguns.com\/es\/wp-json\/wp\/v2\/pages\/3444\/revisions"}],"predecessor-version":[{"id":12155,"href":"https:\/\/daninjectdartguns.com\/es\/wp-json\/wp\/v2\/pages\/3444\/revisions\/12155"}],"up":[{"embeddable":true,"href":"https:\/\/daninjectdartguns.com\/es\/wp-json\/wp\/v2\/pages\/3423"}],"wp:attachment":[{"href":"https:\/\/daninjectdartguns.com\/es\/wp-json\/wp\/v2\/media?parent=3444"}],"curies":[{"name":"wp","href":"https:\/\/api.w.org\/{rel}","templated":true}]}}