{"id":3411,"date":"2013-09-25T03:50:40","date_gmt":"2013-09-25T03:50:40","guid":{"rendered":"http:\/\/daninjectdartguns.com\/?page_id=3411"},"modified":"2016-04-30T13:39:34","modified_gmt":"2016-04-30T13:39:34","slug":"porque-dan-inject","status":"publish","type":"page","link":"https:\/\/daninjectdartguns.com\/es\/porque-dan-inject\/","title":{"rendered":"Porqu\u00e9 DanInject?"},"content":{"rendered":"<div id=\"content\">\n<div id=\"contentwide\">\n<div>\n<div id=\"cspc-trans-columns-wrap\">\n<div id=\"cspc-content\">\n<div id=\"cspc-column-0\">\n<p>Desde la fundaci\u00f3n de la compa\u00f1\u00eda en 1986 DanInject\u00a0ha ganado una reputaci\u00f3n de fabricante de alta calidad, alto dise\u00f1o y productos humanitarios.<\/p>\n<p>Estos productos son:<\/p>\n<ul>\n<li>Rifles para Dardos<\/li>\n<li>Pistolas para Dardos<\/li>\n<li>Palo de inyecci\u00f3n<\/li>\n<li>Cerbatanas<\/li>\n<li>Dardos<\/li>\n<li>Agujas<\/li>\n<\/ul>\n<p>Todos estos productos de DanInject pueden ser usados tanto en animales salvajes como en animales dom\u00e9sticos, para diferentes prop\u00f3sitos.<\/p>\n<p>Quienes actualmente usan los equipos DanInject son bi\u00f3logos, veterinarios, oficinas de control animal, criaderos, zool\u00f3gicos, rehabilitadores de vida salvaje, hasta los encargados de ganado y caballos pueden:<\/p>\n<ul>\n<li>Anestesiar<\/li>\n<li>Tranquilizar<\/li>\n<li>Medicar<\/li>\n<li>Vacunar<\/li>\n<li>Hacer Biopsias<\/li>\n<\/ul>\n<p>Cada pieza de del equipo producido por \u00a0DanInject \u00a0es probado, usando los m\u00e1s altos est\u00e1ndares de calidad. Nuestro grupo de dise\u00f1adores \u00a0y artesanos \u00a0Escandinavos \u00a0est\u00e1n desarrollando continuamente nuevos productos, aplicando todos los altos est\u00e1ndares asociados con el nombre\u00a0\u00a0DanInject. Todo esto es hecho REMOTAMENTE sin tener que poner a nuestros clientes o a los animales en riesgo de alguna lesi\u00f3n o incrementar los niveles de tensi\u00f3n.<\/p>\n<p>Existen muchas ventajas al usar\u00a0 los equipos DanInject.<\/p>\n<p>Todos nuestros productos:<\/p>\n<ul>\n<li>Son accionados con Co2, por lo tanto NO SON REGULADOS POR LAS LEYES FEDERALES.<\/li>\n<li>Son enviados directamente a usted y no a trav\u00e9s de alg\u00fan FFL (empresa con licencia federal para armas de fuego)<\/li>\n<li>Son fabricados con componentes de aluminio anodizado y acero inoxidable.<\/li>\n<li>Son extremamente durables y\u00a0 pueden soportar temperaturas de congelaci\u00f3n y calor extremo.<\/li>\n<li>Son las MAS LIGERAS ergon\u00f3micamente dise\u00f1adas en el mercado.<\/li>\n<li>Son las \u00fanicas en el mercado con ca\u00f1ones intercambiables para diferentes dardos.<\/li>\n<li>Son extremadamente precisas.<\/li>\n<li>Son las pistolas para dardos m\u00e1s HUMANITARIAS,fabricadas en la actualidad.<\/li>\n<li>Son incre\u00edblemente VERS\u00c1TILES.<\/li>\n<li>Son proyectiles de BAJO IMPACTO.<\/li>\n<li>Son virtualmente SILENCIOSAS.<\/li>\n<\/ul>\n<p>&nbsp;<\/p>\n<div id=\"content\">\n<div id=\"contentwide\">\n<div>\n<div id=\"cspc-trans-columns-wrap\">\n<div id=\"cspc-content\">\n<div id=\"cspc-column-1\">\n<p><a title=\"Rifle de dardos tranquilizadores Dan Inject, en los trabajos con una morsa\" href=\"\/wp-content\/uploads\/2010\/02\/walrus.jpg\"><img loading=\"lazy\" decoding=\"async\" title=\"Rifle de dardos tranquilizadores Dan Inject, en los trabajos con una morsa\" src=\"https:\/\/daninjectdartguns.com\/wp-content\/uploads\/2010\/02\/walrus.jpg\" alt=\"Dan Inject Rifle Tranquilized Walrus\" width=\"380\" height=\"272\" \/><\/a><\/p>\n<p>Rifle de dardos tranquilizadores DanInject, en los trabajos con una morsa<\/p>\n<p>&nbsp;<\/p>\n<p><a title=\"La JM Special es posible usarla humanitariamente, hasta con animales peque\u00f1os, como los mapaches.\" href=\"\/wp-content\/uploads\/2010\/02\/racoon_jmsp_25.jpg\"><img loading=\"lazy\" decoding=\"async\" title=\"La JM Special es posible usarla humanitariamente, hasta con animales peque\u00f1os, como los mapaches.\" src=\"\/wp-content\/uploads\/2010\/02\/racoon_jmsp_25.jpg\" alt=\"JM Special Able To Be Used Humanely Even On A Small Animal, Like A Racoon\" width=\"380\" height=\"254\" \/><\/a><\/p>\n<p>La JM Special es posible usarla humanitariamente, hasta con animales peque\u00f1os, como los mapaches.<\/p>\n<p>&nbsp;<\/p>\n<p><a title=\"Venado macho cola blanca, tranquilizado para ser trasladado de un centro de rehabilitaci\u00f3n.\" href=\"\/wp-content\/uploads\/2010\/02\/whitetail_deer.jpg\"><img loading=\"lazy\" decoding=\"async\" title=\"Venado macho cola blanca, tranquilizado para ser trasladado de un centro de rehabilitaci\u00f3n.\" src=\"\/wp-content\/uploads\/2010\/02\/whitetail_deer.jpg\" alt=\"Young Whitetail Buck Tranquilized To Be Translocated From A Rehabilitation Center\" width=\"380\" height=\"253\" \/><\/a><\/p>\n<p>Venado macho cola blanca, tranquilizado para ser trasladado de un centro de rehabilitaci\u00f3n.<\/p>\n<\/div>\n<\/div>\n<\/div>\n<\/div>\n<\/div>\n<\/div>\n<\/div>\n<\/div>\n<\/div>\n<\/div>\n<\/div>\n<\/div>\n","protected":false},"excerpt":{"rendered":"<p>Desde la fundaci\u00f3n de la compa\u00f1\u00eda en 1986 DanInject\u00a0ha ganado una reputaci\u00f3n de fabricante de alta calidad, alto dise\u00f1o y productos humanitarios. Estos productos son: Rifles para Dardos Pistolas para Dardos Palo de inyecci\u00f3n Cerbatanas Dardos Agujas Todos estos productos de DanInject pueden ser usados tanto en animales salvajes como en animales dom\u00e9sticos, para diferentes [&hellip;]<\/p>\n","protected":false},"author":2,"featured_media":0,"parent":0,"menu_order":3,"comment_status":"closed","ping_status":"open","template":"g1_template_page_sidebar_right.php","meta":{"footnotes":""},"class_list":["post-3411","page","type-page","status-publish"],"_links":{"self":[{"href":"https:\/\/daninjectdartguns.com\/es\/wp-json\/wp\/v2\/pages\/3411","targetHints":{"allow":["GET"]}}],"collection":[{"href":"https:\/\/daninjectdartguns.com\/es\/wp-json\/wp\/v2\/pages"}],"about":[{"href":"https:\/\/daninjectdartguns.com\/es\/wp-json\/wp\/v2\/types\/page"}],"author":[{"embeddable":true,"href":"https:\/\/daninjectdartguns.com\/es\/wp-json\/wp\/v2\/users\/2"}],"replies":[{"embeddable":true,"href":"https:\/\/daninjectdartguns.com\/es\/wp-json\/wp\/v2\/comments?post=3411"}],"version-history":[{"count":9,"href":"https:\/\/daninjectdartguns.com\/es\/wp-json\/wp\/v2\/pages\/3411\/revisions"}],"predecessor-version":[{"id":8752,"href":"https:\/\/daninjectdartguns.com\/es\/wp-json\/wp\/v2\/pages\/3411\/revisions\/8752"}],"wp:attachment":[{"href":"https:\/\/daninjectdartguns.com\/es\/wp-json\/wp\/v2\/media?parent=3411"}],"curies":[{"name":"wp","href":"https:\/\/api.w.org\/{rel}","templated":true}]}}