{"id":3369,"date":"2013-09-23T06:07:11","date_gmt":"2013-09-23T06:07:11","guid":{"rendered":"http:\/\/daninjectdartguns.com\/inicio\/"},"modified":"2024-04-26T18:37:30","modified_gmt":"2024-04-26T18:37:30","slug":"home","status":"publish","type":"page","link":"https:\/\/daninjectdartguns.com\/es\/","title":{"rendered":"In\u00edcio"},"content":{"rendered":"<ul class=\"g1-grid\"><li class=\"g1-column g1-two-third g1-valign-top\">\n<div id=\"g1-box-counter-1\" class=\"g1-box g1-box--simple  g1-box--noicon\" ><div class=\"g1-box__inner\">\n<p><a href=\"https:\/\/daninjectdartguns.com\/es\/categoria-producto\/rifles-de-co2\/\"><img loading=\"lazy\" decoding=\"async\" class=\"aligncenter wp-image-13321 size-full\" src=\"https:\/\/daninjectdartguns.com\/wp-content\/uploads\/2023\/03\/JM-Special-Home-Page.png\" alt=\"JM Special - Shop Now\" width=\"538\" height=\"119\" srcset=\"https:\/\/daninjectdartguns.com\/wp-content\/uploads\/2023\/03\/JM-Special-Home-Page.png 538w, https:\/\/daninjectdartguns.com\/wp-content\/uploads\/2023\/03\/JM-Special-Home-Page-90x20.png 90w, https:\/\/daninjectdartguns.com\/wp-content\/uploads\/2023\/03\/JM-Special-Home-Page-500x111.png 500w, https:\/\/daninjectdartguns.com\/wp-content\/uploads\/2023\/03\/JM-Special-Home-Page-300x66.png 300w, https:\/\/daninjectdartguns.com\/wp-content\/uploads\/2023\/03\/JM-Special-Home-Page-320x71.png 320w, https:\/\/daninjectdartguns.com\/wp-content\/uploads\/2023\/03\/JM-Special-Home-Page-239x53.png 239w\" sizes=\"auto, (max-width: 538px) 100vw, 538px\" \/><\/a><\/p>\n<\/div><\/div>\n\t<style>\n\t#sr-slider-14102 .sr-image {\n\t  margin: 5px;\n\t}\n\t#sr-slider-14102 .sr-image img {\n\t  display: block;\n\t  width: 100%;\n\t  height: auto;\n\t}\n\t#sr-slider-14102 .sr-title {\n\t\ttext-align: center;\n\t\tfont-weight: bolder;\n\t}\n\t#sr-slider-14102 .sr-desc {\n\t\ttext-align: center;\n\t}\n\t#sr-slider-14102 .sr-image .sr-link {\n\t\ttext-align: center;\n\t}\n\t#sr-slider-14102 .sr-image img {rn    display: block;rn    width: 100%;rn    height: 380px;rn}\t<\/style>\n\t\t<!-- HTML Script Part Start From Here-->\n\t<script>\n\tjQuery(document).ready(function() {\n\t   jQuery(\"#sr-slider-14102\").owlCarousel({ \n\t\t\t\/\/ Most important owl features\n\t\t\titems : 1,\n\n\t\t\t\/\/Basic Speeds\n\t\t\tslideSpeed : 200,\n\t\t\tpaginationSpeed : 200,\n\t\t\trewindSpeed : 400,\n\n\t\t\t\/\/Autoplay\n\t\t\tautoPlay : true,\n\t\t \n\t\t\t\/\/ Navigation\n\t\t\tnavigation : false,\n\t\t\tnavigationText : [\"Prev\",\"Next\"],\n\t\t\trewindNav : true,\n\t \n\t\t\t\/\/ Responsive \n\t\t\tresponsive: true,\n\t\t\tresponsiveRefreshRate : 200,\n\t\t\tresponsiveBaseWidth: window,\n\t\t \n\t\t\t\/\/ CSS Styles\n\t\t\tbaseClass : \"owl-carousel\",\n\t\t\ttheme : \"owl-theme\",\n\t\t \n\t\t\t\/\/Auto height\n\t\t\tautoHeight : false,\n\t\t \n\t\t\t\/\/Mouse Events\n\t\t\tdragBeforeAnimFinish : true,\n\t\t\tmouseDrag : true,\n\t\t\ttouchDrag : true,\n\t\t \n\t\t\t\/\/Transitions\n\t\t\ttransitionStyle : \"fade\",\n\t\t});\n\t});\n\t<\/script>\n\t\t\t<div id=\"sr-slider-14102\">\n\t\t\t\t\t\t\t\t<div class=\"sr-image\">\n\t\t\t\t\t\t\t\t\t\t\t\t\t<img decoding=\"async\" class=\"lazyOwl\" src=\"https:\/\/daninjectdartguns.com\/wp-content\/uploads\/2012\/11\/jabstick_in_action_2.jpg\" alt=\"Jabstick In Action 2\">\n\t\t\t\t\t\t\t\t\t\t\t\t\n\t\t\t\t\t\t<!--Text Below Slide-->\n\t\t\t\t\t\t\t\t\t\t\t\t\n\t\t\t\t\t\t\t\t\t\t\t\t\n\t\t\t\t\t\t\t\t\t\t\t\t<!--Text Below Slide-->\n\t\t\t\t\t<\/div>\n\t\t\t\t\t\t\t\t\t\t<div class=\"sr-image\">\n\t\t\t\t\t\t\t\t\t\t\t\t\t<img decoding=\"async\" class=\"lazyOwl\" src=\"https:\/\/daninjectdartguns.com\/wp-content\/uploads\/2014\/03\/melbourne_zoo_lion_end_of_era.jpg\" alt=\"Dr Michael Lynch Darting Fourteen-Year-Old Male Lion Harare With Dan Inject JM Special\">\n\t\t\t\t\t\t\t\t\t\t\t\t\n\t\t\t\t\t\t<!--Text Below Slide-->\n\t\t\t\t\t\t\t\t\t\t\t\t\n\t\t\t\t\t\t\t\t\t\t\t\t\n\t\t\t\t\t\t\t\t\t\t\t\t<!--Text Below Slide-->\n\t\t\t\t\t<\/div>\n\t\t\t\t\t\t\t\t\t\t<div class=\"sr-image\">\n\t\t\t\t\t\t\t\t\t\t\t\t\t<img decoding=\"async\" class=\"lazyOwl\" src=\"https:\/\/daninjectdartguns.com\/wp-content\/uploads\/2019\/03\/4db9bb39-b6d8-4cc0-ad26-e189e6c249c1-1.jpg\" alt=\"Used by Helicopter Wildlife Services\">\n\t\t\t\t\t\t\t\t\t\t\t\t\n\t\t\t\t\t\t<!--Text Below Slide-->\n\t\t\t\t\t\t\t\t\t\t\t\t\n\t\t\t\t\t\t\t\t\t\t\t\t\n\t\t\t\t\t\t\t\t\t\t\t\t<!--Text Below Slide-->\n\t\t\t\t\t<\/div>\n\t\t\t\t\t\t\t\t\t\t<div class=\"sr-image\">\n\t\t\t\t\t\t\t\t\t\t\t\t\t<img decoding=\"async\" class=\"lazyOwl\" src=\"https:\/\/daninjectdartguns.com\/wp-content\/uploads\/2010\/03\/photo-3.jpg\" alt=\"Close Up Of Darted Rhino\">\n\t\t\t\t\t\t\t\t\t\t\t\t\n\t\t\t\t\t\t<!--Text Below Slide-->\n\t\t\t\t\t\t\t\t\t\t\t\t\n\t\t\t\t\t\t\t\t\t\t\t\t\n\t\t\t\t\t\t\t\t\t\t\t\t<!--Text Below Slide-->\n\t\t\t\t\t<\/div>\n\t\t\t\t\t\t\t\t\t\t<div class=\"sr-image\">\n\t\t\t\t\t\t\t\t\t\t\t\t\t<img decoding=\"async\" class=\"lazyOwl\" src=\"https:\/\/daninjectdartguns.com\/wp-content\/uploads\/2010\/03\/photo.jpg\" alt=\"Mama Rhino Being Readied For Transportation\">\n\t\t\t\t\t\t\t\t\t\t\t\t\n\t\t\t\t\t\t<!--Text Below Slide-->\n\t\t\t\t\t\t\t\t\t\t\t\t\n\t\t\t\t\t\t\t\t\t\t\t\t\n\t\t\t\t\t\t\t\t\t\t\t\t<!--Text Below Slide-->\n\t\t\t\t\t<\/div>\n\t\t\t\t\t\t\t\t\t\t<div class=\"sr-image\">\n\t\t\t\t\t\t\t\t\t\t\t\t\t<img decoding=\"async\" class=\"lazyOwl\" src=\"https:\/\/daninjectdartguns.com\/wp-content\/uploads\/2010\/03\/photo-1.jpg\" alt=\"Helicopter Used In Rhino Capture For Conservation\">\n\t\t\t\t\t\t\t\t\t\t\t\t\n\t\t\t\t\t\t<!--Text Below Slide-->\n\t\t\t\t\t\t\t\t\t\t\t\t\n\t\t\t\t\t\t\t\t\t\t\t\t\n\t\t\t\t\t\t\t\t\t\t\t\t<!--Text Below Slide-->\n\t\t\t\t\t<\/div>\n\t\t\t\t\t\t\t\t\t\t<div class=\"sr-image\">\n\t\t\t\t\t\t\t\t\t\t\t\t\t<img decoding=\"async\" class=\"lazyOwl\" src=\"https:\/\/daninjectdartguns.com\/wp-content\/uploads\/2010\/03\/DSCN0429-Copier.jpg\" alt=\"DSCN0429 (Copier)\">\n\t\t\t\t\t\t\t\t\t\t\t\t\n\t\t\t\t\t\t<!--Text Below Slide-->\n\t\t\t\t\t\t\t\t\t\t\t\t\n\t\t\t\t\t\t\t\t\t\t\t\t\n\t\t\t\t\t\t\t\t\t\t\t\t<!--Text Below Slide-->\n\t\t\t\t\t<\/div>\n\t\t\t\t\t\t\t\t\t\t<div class=\"sr-image\">\n\t\t\t\t\t\t\t\t\t\t\t\t\t<img decoding=\"async\" class=\"lazyOwl\" src=\"https:\/\/daninjectdartguns.com\/wp-content\/uploads\/2012\/11\/jabstick_in_action_1.jpg\" alt=\"Jabstick In Action 1\">\n\t\t\t\t\t\t\t\t\t\t\t\t\n\t\t\t\t\t\t<!--Text Below Slide-->\n\t\t\t\t\t\t\t\t\t\t\t\t\n\t\t\t\t\t\t\t\t\t\t\t\t\n\t\t\t\t\t\t\t\t\t\t\t\t<!--Text Below Slide-->\n\t\t\t\t\t<\/div>\n\t\t\t\t\t\t\t\t\t\t<div class=\"sr-image\">\n\t\t\t\t\t\t\t\t\t\t\t\t\t<img decoding=\"async\" class=\"lazyOwl\" src=\"https:\/\/daninjectdartguns.com\/wp-content\/uploads\/2010\/03\/photo-2.jpg\" alt=\"Rhino Being Prepared For Transportation\">\n\t\t\t\t\t\t\t\t\t\t\t\t\n\t\t\t\t\t\t<!--Text Below Slide-->\n\t\t\t\t\t\t\t\t\t\t\t\t\n\t\t\t\t\t\t\t\t\t\t\t\t\n\t\t\t\t\t\t\t\t\t\t\t\t<!--Text Below Slide-->\n\t\t\t\t\t<\/div>\n\t\t\t\t\t\t\t\t\t\t<div class=\"sr-image\">\n\t\t\t\t\t\t\t\t\t\t\t\t\t<img decoding=\"async\" class=\"lazyOwl\" src=\"https:\/\/daninjectdartguns.com\/wp-content\/uploads\/2010\/03\/photo-4.jpg\" alt=\"Close Up Of DanInject Dart Used On Rhino\">\n\t\t\t\t\t\t\t\t\t\t\t\t\n\t\t\t\t\t\t<!--Text Below Slide-->\n\t\t\t\t\t\t\t\t\t\t\t\t\n\t\t\t\t\t\t\t\t\t\t\t\t\n\t\t\t\t\t\t\t\t\t\t\t\t<!--Text Below Slide-->\n\t\t\t\t\t<\/div>\n\t\t\t\t\t\t\t\t\t\t<div class=\"sr-image\">\n\t\t\t\t\t\t\t\t\t\t\t\t\t<img decoding=\"async\" class=\"lazyOwl\" src=\"https:\/\/daninjectdartguns.com\/wp-content\/uploads\/2012\/11\/jabstick_in_action_3.jpg\" alt=\"Jabstick In Action 3\">\n\t\t\t\t\t\t\t\t\t\t\t\t\n\t\t\t\t\t\t<!--Text Below Slide-->\n\t\t\t\t\t\t\t\t\t\t\t\t\n\t\t\t\t\t\t\t\t\t\t\t\t\n\t\t\t\t\t\t\t\t\t\t\t\t<!--Text Below Slide-->\n\t\t\t\t\t<\/div>\n\t\t\t\t\t\t\t<\/div>\n\t\t\n<\/li><!-- -->\n<li class=\"g1-column g1-one-third g1-valign-top\">\n<div id=\"g1-box-counter-2\" class=\"g1-box g1-box--simple  g1-box--noicon\" ><div class=\"g1-box__inner\">\n<h3 style=\"text-align: center;\"><a title=\"Dan-Inject Dart Guns Tienda\" href=\"https:\/\/daninjectdartguns.com\/es\/tienda\/\">Compre Ahora!<\/a><\/h3>\n<\/div><\/div>\n<div id=\"g1-box-counter-3\" class=\"g1-box g1-box--simple  g1-box--noicon\" ><div class=\"g1-box__inner\">\n<h3 style=\"text-align: center;\"><a title=\"Dan-Inject Learning Center\" href=\"https:\/\/daninjectdartguns.com\/es\/aprenda\/\">Centro De Aprendizaje<\/a><\/h3>\n<\/div><\/div>\n<div id=\"g1-box-counter-4\" class=\"g1-box g1-box--simple  g1-box--noicon\" ><div class=\"g1-box__inner\">\n<h3 style=\"text-align: center;\"><a title=\"Upcoming Events\" href=\"\/?page_id=3545\">Eventos Proxim\u00f3s<\/a><\/h3>\n<\/div><\/div>\n<p><a href=\"\/?page_id=1898\"><img loading=\"lazy\" decoding=\"async\" class=\"aligncenter size-full wp-image-5831\" src=\"https:\/\/daninjectdartguns.com\/wp-content\/uploads\/2013\/09\/home_page_gun.png\" alt=\"JM Special - Shop Now\" width=\"580\" height=\"122\" srcset=\"https:\/\/daninjectdartguns.com\/wp-content\/uploads\/2013\/09\/home_page_gun.png 580w, https:\/\/daninjectdartguns.com\/wp-content\/uploads\/2013\/09\/home_page_gun-90x19.png 90w, https:\/\/daninjectdartguns.com\/wp-content\/uploads\/2013\/09\/home_page_gun-500x105.png 500w, https:\/\/daninjectdartguns.com\/wp-content\/uploads\/2013\/09\/home_page_gun-300x63.png 300w, https:\/\/daninjectdartguns.com\/wp-content\/uploads\/2013\/09\/home_page_gun-320x67.png 320w, https:\/\/daninjectdartguns.com\/wp-content\/uploads\/2013\/09\/home_page_gun-239x50.png 239w\" sizes=\"auto, (max-width: 580px) 100vw, 580px\" \/><\/a><\/p>\n<\/li><!-- --><\/ul>\n<div id=\"g1-divider-1\" class=\"g1-divider g1-divider--simple g1-divider--noicon \"><\/div>\n<h2 style=\"text-align: center;\"><span style=\"color: #31704c;\">DanInject Dart Guns<\/span><\/h2>\n<h2 style=\"text-align: center;\"><span style=\"color: #31704c;\">Mundialmente Conocido Como El Mejor Equipo De Inmovilizaci\u00f3n<\/span><\/h2>\n<ul class=\"g1-grid\"><li class=\"g1-column g1-one-half g1-valign-top\">\n<a id=\"g1-button-1\" class=\"g1-button g1-button--big g1-button--solid g1-button--wide \" href=\"\/es\/tienda\/\" title=\"Nuestra Tienda En Espa\u00f1ol\" ><i class=\"fa fa-hand-o-right\"><\/i>Nuestra Tienda En Espa\u00f1ol<\/a>\n<\/li><!-- -->\n<li class=\"g1-column g1-one-half g1-valign-top\">\n<a id=\"g1-button-2\" class=\"g1-button g1-button--big g1-button--solid g1-button--wide \" href=\"\/store\/\" title=\"Our Shop In English\" ><i class=\"fa fa-hand-o-right\"><\/i>Our Shop In English<\/a>\n<\/li><!-- --><\/ul>\n<div id=\"g1-divider-2\" class=\"g1-divider g1-divider--simple g1-divider--noicon \"><\/div>\n<h2 style=\"text-align: center;\">Somos Orgullosos Miembros De Las Siguientes Organizaci\u00f3nes<\/h2>\n<p><ul class=\"g1-grid\"><li class=\"g1-column g1-one-fourth g1-valign-top\"><br \/>\n<span id=\"g1-frame-1\" class=\"g1-frame g1-frame--simple g1-frame--inherit g1-frame--center \"><span class=\"g1-decorator\">\n\t\t\t\t<img decoding=\"async\" src=\"\/wp-content\/themes\/daninject-child-theme\/images\/texas_deer_association.jpg\" alt=\"\" \/>\n\t\t\t\t<span class=\"g1-indicator g1-indicator-document\"><\/span>\n<\/span><\/span><br \/>\n<\/li><!-- --><li class=\"g1-column g1-one-fourth g1-valign-top\"><br \/>\n<span id=\"g1-frame-2\" class=\"g1-frame g1-frame--simple g1-frame--inherit g1-frame--center \"><span class=\"g1-decorator\">\n\t\t\t\t<img decoding=\"async\" src=\"\/wp-content\/themes\/daninject-child-theme\/images\/associations_of_zoos_&amp;_aquariums.jpg\" alt=\"\" \/>\n\t\t\t\t<span class=\"g1-indicator g1-indicator-document\"><\/span>\n<\/span><\/span><br \/>\n<\/li><!-- --><li class=\"g1-column g1-one-fourth g1-valign-top\"><br \/>\n<span id=\"g1-frame-3\" class=\"g1-frame g1-frame--simple g1-frame--inherit g1-frame--center \"><span class=\"g1-decorator\">\n\t\t\t\t<img decoding=\"async\" src=\"\/wp-content\/themes\/daninject-child-theme\/images\/north_american_deer_farmers_association.jpg\" alt=\"\" \/>\n\t\t\t\t<span class=\"g1-indicator g1-indicator-document\"><\/span>\n<\/span><\/span><br \/>\n<\/li><!-- --><li class=\"g1-column g1-one-fourth g1-valign-top\"><br \/>\n<span id=\"g1-frame-4\" class=\"g1-frame g1-frame--simple g1-frame--inherit g1-frame--center \"><span class=\"g1-decorator\">\n\t\t\t\t<img decoding=\"async\" src=\"\/wp-content\/themes\/daninject-child-theme\/images\/national_animal_control_associations.jpg\" alt=\"\" \/>\n\t\t\t\t<span class=\"g1-indicator g1-indicator-document\"><\/span>\n<\/span><\/span><br \/>\n<\/li><!-- --><\/ul><br \/>\n<div id=\"g1-divider-3\" class=\"g1-divider g1-divider--simple g1-divider--noicon \"><\/div><\/p>\n<h2 style=\"text-align: center;\">Aqu\u00ed Encontraras Recursos\u00a0Excelentes\u00a0en el \u00e1rea de Fauna Silvestre<\/h2>\n<ul class=\"g1-grid\"><li class=\"g1-column g1-one-fourth g1-valign-top\">\n<span id=\"g1-frame-5\" class=\"g1-frame g1-frame--simple g1-frame--inherit g1-frame--center \"><span class=\"g1-decorator\">\n\t\t\t\t<a href=\"https:\/\/www.helicopterwildlifeservices.com\" target=\"_blank\" rel=\"noopener noreferrer\"><img decoding=\"async\" src=\"https:\/\/daninjectdartguns.com\/wp-content\/themes\/daninject-child-theme\/images\/heliwild.jpg\" alt=\"\" \/><\/a>\n\t\t\t\t<span class=\"g1-indicator g1-indicator-document\"><\/span>\n<\/span><\/span>\n<\/li><!-- -->\n<li class=\"g1-column g1-one-fourth g1-valign-top\">\n<span id=\"g1-frame-6\" class=\"g1-frame g1-frame--simple g1-frame--inherit g1-frame--center \"><span class=\"g1-decorator\">\n\t\t\t\t<a href=\"https:\/\/www.safecapture.com\" target=\"_blank\" rel=\"noopener noreferrer\"><img decoding=\"async\" src=\"https:\/\/daninjectdartguns.com\/wp-content\/themes\/daninject-child-theme\/images\/safe_capture_international_inc.jpg\" alt=\"\" \/><\/a>\n\t\t\t\t<span class=\"g1-indicator g1-indicator-document\"><\/span>\n<\/span><\/span>\n<\/li><!-- -->\n<li class=\"g1-column g1-one-fourth g1-valign-top\">\n<span id=\"g1-frame-7\" class=\"g1-frame g1-frame--simple g1-frame--inherit g1-frame--center \"><span class=\"g1-decorator\">\n\t\t\t\t<a href=\"https:\/\/www.wildlifecaptureequipment.com\" target=\"_blank\" rel=\"noopener noreferrer\"><img decoding=\"async\" src=\"https:\/\/daninjectdartguns.com\/wp-content\/themes\/daninject-child-theme\/images\/wildlife_capture_equipment.jpg\" alt=\"\" \/><\/a>\n\t\t\t\t<span class=\"g1-indicator g1-indicator-document\"><\/span>\n<\/span><\/span>\n<\/li><!-- -->\n<li class=\"g1-column g1-one-fourth g1-valign-top\">\n<span id=\"g1-frame-8\" class=\"g1-frame g1-frame--simple g1-frame--inherit g1-frame--center \"><span class=\"g1-decorator\">\n\t\t\t\t<a href=\"https:\/\/www.instagram.com\/daninjectdartguns\/\" target=\"_blank\" rel=\"noopener noreferrer\"><img loading=\"lazy\" decoding=\"async\" class=\"alignnone wp-image-10419\" src=\"https:\/\/daninjectdartguns.com\/wp-content\/uploads\/2019\/03\/download.jpg\" alt=\"\" width=\"132\" height=\"132\" srcset=\"https:\/\/daninjectdartguns.com\/wp-content\/uploads\/2019\/03\/download.jpg 92w, https:\/\/daninjectdartguns.com\/wp-content\/uploads\/2019\/03\/download-54x54.jpg 54w, https:\/\/daninjectdartguns.com\/wp-content\/uploads\/2019\/03\/download-55x55.jpg 55w\" sizes=\"auto, (max-width: 132px) 100vw, 132px\" \/><\/a>\n\t\t\t\t<span class=\"g1-indicator g1-indicator-document\"><\/span>\n<\/span><\/span>\n<\/li><!-- --><\/ul>\n<ul class=\"g1-grid\"><li class=\"g1-column g1-one-fourth g1-valign-top\">\n<span id=\"g1-frame-9\" class=\"g1-frame g1-frame--simple g1-frame--inherit g1-frame--center \"><span class=\"g1-decorator\">\n\t\t\t\t<a href=\"https:\/\/www.wildpharm.com\" target=\"_blank\" rel=\"noopener noreferrer\"><img decoding=\"async\" src=\"https:\/\/daninjectdartguns.com\/wp-content\/themes\/daninject-child-theme\/images\/wildlife_pharmaceuticals.jpg\" alt=\"\" \/><\/a>\n\t\t\t\t<span class=\"g1-indicator g1-indicator-document\"><\/span>\n<\/span><\/span>\n<\/li><!-- -->\n<li class=\"g1-column g1-one-fourth g1-valign-top\">\n<span id=\"g1-frame-10\" class=\"g1-frame g1-frame--simple g1-frame--inherit g1-frame--center \"><span class=\"g1-decorator\">\n\t\t\t\t<a href=\"https:\/\/www.wildpharm-mx.com\" target=\"_blank\" rel=\"noopener noreferrer\"><img decoding=\"async\" src=\"https:\/\/daninjectdartguns.com\/wp-content\/themes\/daninject-child-theme\/images\/wildlife_pharmaceuticals_mexico.jpg\" alt=\"\" \/><\/a>\n\t\t\t\t<span class=\"g1-indicator g1-indicator-document\"><\/span>\n<\/span><\/span>\n<\/li><!-- -->\n<li class=\"g1-column g1-one-fourth g1-valign-top\">\n<span id=\"g1-frame-11\" class=\"g1-frame g1-frame--simple g1-frame--inherit g1-frame--center \"><span class=\"g1-decorator\">\n\t\t\t\t<a href=\"https:\/\/www.wildliferesources.com\" target=\"_blank\" rel=\"noopener noreferrer\"><img loading=\"lazy\" decoding=\"async\" class=\"alignnone wp-image-8163 size-full\" src=\"https:\/\/daninjectdartguns.com\/wp-content\/uploads\/2013\/09\/Global_Wildlife_Resources.jpg\" alt=\"Global Wildlife Resources\" width=\"145\" height=\"157\" srcset=\"https:\/\/daninjectdartguns.com\/wp-content\/uploads\/2013\/09\/Global_Wildlife_Resources.jpg 145w, https:\/\/daninjectdartguns.com\/wp-content\/uploads\/2013\/09\/Global_Wildlife_Resources-50x54.jpg 50w\" sizes=\"auto, (max-width: 145px) 100vw, 145px\" \/><\/a>\n\t\t\t\t<span class=\"g1-indicator g1-indicator-document\"><\/span>\n<\/span><\/span>\n<\/li><!-- -->\n<li class=\"g1-column g1-one-fourth g1-valign-top\">\n<span id=\"g1-frame-12\" class=\"g1-frame g1-frame--simple g1-frame--inherit g1-frame--center \"><span class=\"g1-decorator\">\n\t\t\t\t<a href=\"https:\/\/www.facebook.com\/DanInjectDartGuns\"><img loading=\"lazy\" decoding=\"async\" class=\"alignnone wp-image-8180 size-full\" src=\"https:\/\/daninjectdartguns.com\/wp-content\/uploads\/2013\/09\/facebook_daninject_dart_guns.jpg\" alt=\"Facebook Daninject Dart Guns\" width=\"145\" height=\"157\" srcset=\"https:\/\/daninjectdartguns.com\/wp-content\/uploads\/2013\/09\/facebook_daninject_dart_guns.jpg 145w, https:\/\/daninjectdartguns.com\/wp-content\/uploads\/2013\/09\/facebook_daninject_dart_guns-50x54.jpg 50w\" sizes=\"auto, (max-width: 145px) 100vw, 145px\" \/><\/a>\n\t\t\t\t<span class=\"g1-indicator g1-indicator-document\"><\/span>\n<\/span><\/span>\n<\/li><!-- --><\/ul>\n","protected":false},"excerpt":{"rendered":"<p>DanInject Dart Guns Mundialmente Conocido Como El Mejor Equipo De Inmovilizaci\u00f3n Somos Orgullosos Miembros De Las Siguientes Organizaci\u00f3nes Aqu\u00ed Encontraras Recursos\u00a0Excelentes\u00a0en el \u00e1rea de Fauna Silvestre<\/p>\n","protected":false},"author":2,"featured_media":0,"parent":0,"menu_order":0,"comment_status":"closed","ping_status":"closed","template":"","meta":{"footnotes":""},"class_list":{"0":"post-3369","1":"page","2":"type-page","3":"status-publish","5":"g1-complete"},"_links":{"self":[{"href":"https:\/\/daninjectdartguns.com\/es\/wp-json\/wp\/v2\/pages\/3369","targetHints":{"allow":["GET"]}}],"collection":[{"href":"https:\/\/daninjectdartguns.com\/es\/wp-json\/wp\/v2\/pages"}],"about":[{"href":"https:\/\/daninjectdartguns.com\/es\/wp-json\/wp\/v2\/types\/page"}],"author":[{"embeddable":true,"href":"https:\/\/daninjectdartguns.com\/es\/wp-json\/wp\/v2\/users\/2"}],"replies":[{"embeddable":true,"href":"https:\/\/daninjectdartguns.com\/es\/wp-json\/wp\/v2\/comments?post=3369"}],"version-history":[{"count":39,"href":"https:\/\/daninjectdartguns.com\/es\/wp-json\/wp\/v2\/pages\/3369\/revisions"}],"predecessor-version":[{"id":14124,"href":"https:\/\/daninjectdartguns.com\/es\/wp-json\/wp\/v2\/pages\/3369\/revisions\/14124"}],"wp:attachment":[{"href":"https:\/\/daninjectdartguns.com\/es\/wp-json\/wp\/v2\/media?parent=3369"}],"curies":[{"name":"wp","href":"https:\/\/api.w.org\/{rel}","templated":true}]}}